{"id":1123,"date":"2019-04-10T21:44:18","date_gmt":"2019-04-10T21:44:18","guid":{"rendered":"http:\/\/briebeau.com\/thoughty\/?page_id=1123"},"modified":"2019-05-19T21:46:09","modified_gmt":"2019-05-19T21:46:09","slug":"rates","status":"publish","type":"page","link":"https:\/\/briebeau.com\/thoughty\/rates\/","title":{"rendered":"Rates"},"content":{"rendered":"<p><!--StartFragment--><\/p>\n<p>Some rates are negotiable, <a href=\"https:\/\/briebeau.com\/thoughty\/contact-us\/\">contact me for details<\/a>. I do always try to accommodate marginalized individuals!<br \/><br \/>I require a 25-50% up front payment for all projects to help <a href=\"https:\/\/briebeau.com\/thoughty\/2018\/12\/keep-the-lights-on\/\">keep the lights on,<\/a> unless otherwise negotiated. <\/p>\n\n\n<h2 class=\"wp-block-heading\">Hourly and Flat Rates<\/h2>\n\n\n\n<p><strong>Consulting (Leadership, Sensitivity, Design, etc.):<\/strong> $40.00 USD\/hour. <br><strong>Per-Word Work:<\/strong> $0.10 USD\/word.<br><strong>Player Streaming, 4-hours:<\/strong> $80.00 USD flat rate.<br><strong>Facilitator Streaming, 4 hours:<\/strong> $160.00 USD flat rate.<br><strong>Panels, Speaking, Facilitating Events: <\/strong>$200.00 USD flat rate, and the inclusion of room, board, and travel assistance.  <\/p>\n\n\n\n<h2 class=\"wp-block-heading\">Editing<\/h2>\n\n\n\n<p><strong>Proofreading: <\/strong> $0.01 USD &#8211; $0.02 USD\/word.<br><strong>Basic Copyediting: <\/strong>$0.02 USD\/word &#8211; $0.03 USD. <br><strong>Heavy Copyediting\/Line Editing:<\/strong> $0.04 USD\/word &#8211; $0.05 USD.<br><strong>Translated\/Non-Native Language Charge:<\/strong>  $0.01 USD\/word.<\/p>\n\n\n\n<h2 class=\"wp-block-heading\">Layout &amp; Branding<\/h2>\n\n\n\n<p>Layout and branding are assessed based on the particular job, but I have a base rate of $30\/hour for large layout projects.<\/p>\n\n\n\n<h2 class=\"wp-block-heading\">Photography<\/h2>\n\n\n\n<p>Starting rates are $200\/3 hour session. <\/p>\n\n\n\n<p>Note: Boudoir shoots require an additional consent form and safety agreement. <\/p>\n\n\n\n<h2 class=\"wp-block-heading\">Leadership Business Development<\/h2>\n\n\n\n<p>Starting a business? Let&#8217;s do a business development session! For ~$350* I&#8217;ll come to help you set up a WordPress site (or similar site-builder website) including developing your business&#8217;s mission and vision, about you and your services pages, and even support with photography and text editing in a six hour session. If you need to go from conception to reality, or just refinement of your big dreams, <a href=\"https:\/\/briebeau.com\/thoughty\/contact-bbs\/\">contact me<\/a> and we&#8217;ll make it happen!<\/p>\n\n\n\n<p>*Final quote is based on what tasks we plan to do, but this is the average. Final price will include additional mileage ($0.58\/mile) for on-site sessions. Remote available!<\/p>\n","protected":false},"excerpt":{"rendered":"<p>Some rates are negotiable, contact me for details. I do always try to accommodate marginalized individuals! I require a 25-50% up front payment for all projects to help keep the lights on, unless otherwise negotiated. Hourly and Flat Rates Consulting (Leadership, Sensitivity, Design, etc.): $40.00 USD\/hour. Per-Word Work: $0.10 USD\/word.Player Streaming, 4-hours: $80.00 USD flat &hellip; <a href=\"https:\/\/briebeau.com\/thoughty\/rates\/\" class=\"more-link\">Continue reading<span class=\"screen-reader-text\"> &#8220;Rates&#8221;<\/span><\/a><\/p>\n","protected":false},"author":2,"featured_media":0,"parent":0,"menu_order":0,"comment_status":"closed","ping_status":"closed","template":"","meta":{"nf_dc_page":"","om_disable_all_campaigns":false,"footnotes":""},"class_list":["post-1123","page","type-page","status-publish","hentry"],"jetpack_sharing_enabled":true,"jetpack_shortlink":"https:\/\/wp.me\/PaHOcG-i7","jetpack-related-posts":[{"id":5,"url":"https:\/\/briebeau.com\/thoughty\/contact-us\/","url_meta":{"origin":1123,"position":0},"title":"Contact Thoughty","author":"Beau J\u00e1gr Sheldon","date":"February 10, 2019","format":false,"excerpt":"If any information regarding your name, pronouns, information, or product is inaccurate, please contact me through the contact form as soon as you are able and comfortable and include the updated information and the link to the page(s) in question. Note: my pronouns are they\/he, I use masculine identifiers (Mr.,\u2026","rel":"","context":"Similar post","block_context":{"text":"Similar post","link":""},"img":{"alt_text":"","src":"","width":0,"height":0},"classes":[]},{"id":1162,"url":"https:\/\/briebeau.com\/thoughty\/bjs\/","url_meta":{"origin":1123,"position":1},"title":"Beau J\u00e1gr Sheldon","author":"Beau J\u00e1gr Sheldon","date":"May 7, 2019","format":false,"excerpt":"Who is Beau? Beau J\u00e1gr Sheldon (they\/he) is a disabled, queer, genderfluid nonbinary masculine person who works in design & education. They are a tabletop\u00a0roleplaying game designer, writer, and leadership educator. They design mechanics, write flavor and instruction, and do layout and logo work. Their photography is artistic and captures\u2026","rel":"","context":"Similar post","block_context":{"text":"Similar post","link":""},"img":{"alt_text":"","src":"","width":0,"height":0},"classes":[]}],"jetpack_likes_enabled":true,"_links":{"self":[{"href":"https:\/\/briebeau.com\/thoughty\/wp-json\/wp\/v2\/pages\/1123","targetHints":{"allow":["GET"]}}],"collection":[{"href":"https:\/\/briebeau.com\/thoughty\/wp-json\/wp\/v2\/pages"}],"about":[{"href":"https:\/\/briebeau.com\/thoughty\/wp-json\/wp\/v2\/types\/page"}],"author":[{"embeddable":true,"href":"https:\/\/briebeau.com\/thoughty\/wp-json\/wp\/v2\/users\/2"}],"replies":[{"embeddable":true,"href":"https:\/\/briebeau.com\/thoughty\/wp-json\/wp\/v2\/comments?post=1123"}],"version-history":[{"count":0,"href":"https:\/\/briebeau.com\/thoughty\/wp-json\/wp\/v2\/pages\/1123\/revisions"}],"wp:attachment":[{"href":"https:\/\/briebeau.com\/thoughty\/wp-json\/wp\/v2\/media?parent=1123"}],"curies":[{"name":"wp","href":"https:\/\/api.w.org\/{rel}","templated":true}]}}